{"id":12,"date":"2017-04-05T12:57:35","date_gmt":"2017-04-05T10:57:35","guid":{"rendered":"http:\/\/borenov.com\/?page_id=12"},"modified":"2017-07-15T17:50:35","modified_gmt":"2017-07-15T15:50:35","slug":"protection-de-beton","status":"publish","type":"page","link":"http:\/\/borenov.com\/index.php\/protection-de-beton\/","title":{"rendered":"Protection de b\u00e9ton"},"content":{"rendered":"<p>Lorsque le b\u00e9ton perd ses propri\u00e9t\u00e9s de protection, la corrosion devient rapidement un probl\u00e8me majeur. Lorsque le b\u00e9ton pr\u00e9sente des fissures et des d\u00e9t\u00e9riorations, l&#8217;armature d&#8217;acier se trouve expos\u00e9e aux agressions de l&#8217;eau, des chlorures et autres \u00e9l\u00e9ments adverses. Cela acc\u00e9l\u00e8re le processus de fissuration et d&#8217;effritement du b\u00e9ton et menace la long\u00e9vit\u00e9 ainsi que l&#8217;int\u00e9grit\u00e9 de structure.<\/p>\n<p>&nbsp;<\/p>\n<p>&nbsp;<\/p>\n<h4><span style=\"color: #ff0000;\">Travaux de peinture<\/span><\/h4>\n<p>Les travaux de peinture n\u00e9cessitent avant tout un travail soign\u00e9 de pr\u00e9paration. Les peintures que nous mettons en oeuvre proviennent de firmes reconnues dans le b\u00e2timent pour leurs qualit\u00e9s de bonne tenue dans le temps, notamment en ext\u00e9rieur.<\/p>\n","protected":false},"excerpt":{"rendered":"<p>Lorsque le b\u00e9ton perd ses propri\u00e9t\u00e9s de protection, la corrosion devient rapidement un probl\u00e8me majeur. Lorsque le b\u00e9ton pr\u00e9sente des fissures et des d\u00e9t\u00e9riorations, l&#8217;armature d&#8217;acier se trouve expos\u00e9e aux agressions de l&#8217;eau, des chlorures et autres \u00e9l\u00e9ments adverses. Cela acc\u00e9l\u00e8re le processus de fissuration et d&#8217;effritement du b\u00e9ton et menace la long\u00e9vit\u00e9 ainsi que [&hellip;]<\/p>\n","protected":false},"author":1,"featured_media":0,"parent":0,"menu_order":0,"comment_status":"closed","ping_status":"closed","template":"","meta":[],"_links":{"self":[{"href":"http:\/\/borenov.com\/index.php\/wp-json\/wp\/v2\/pages\/12"}],"collection":[{"href":"http:\/\/borenov.com\/index.php\/wp-json\/wp\/v2\/pages"}],"about":[{"href":"http:\/\/borenov.com\/index.php\/wp-json\/wp\/v2\/types\/page"}],"author":[{"embeddable":true,"href":"http:\/\/borenov.com\/index.php\/wp-json\/wp\/v2\/users\/1"}],"replies":[{"embeddable":true,"href":"http:\/\/borenov.com\/index.php\/wp-json\/wp\/v2\/comments?post=12"}],"version-history":[{"count":12,"href":"http:\/\/borenov.com\/index.php\/wp-json\/wp\/v2\/pages\/12\/revisions"}],"predecessor-version":[{"id":153,"href":"http:\/\/borenov.com\/index.php\/wp-json\/wp\/v2\/pages\/12\/revisions\/153"}],"wp:attachment":[{"href":"http:\/\/borenov.com\/index.php\/wp-json\/wp\/v2\/media?parent=12"}],"curies":[{"name":"wp","href":"https:\/\/api.w.org\/{rel}","templated":true}]}}