{"id":16,"date":"2017-04-05T12:58:04","date_gmt":"2017-04-05T10:58:04","guid":{"rendered":"http:\/\/borenov.com\/?page_id=16"},"modified":"2017-07-15T18:27:44","modified_gmt":"2017-07-15T16:27:44","slug":"revetements-sols","status":"publish","type":"page","link":"http:\/\/borenov.com\/index.php\/revetements-sols\/","title":{"rendered":"Rev\u00eatements sols"},"content":{"rendered":"<p><span style=\"color: #993300;\"><em><strong>Etanch\u00e9it\u00e9 terasse-balcon<\/strong><\/em><\/span><\/p>\n<div class=\"su-custom-gallery su-custom-gallery-title-never su-lightbox-gallery\"><div class=\"su-custom-gallery-slide\"><a href=\"http:\/\/borenov.com\/wp-content\/uploads\/2017\/04\/IMG_7710.jpg\" title=\"IMG_7710\"><img src=\"http:\/\/borenov.com\/wp-content\/uploads\/2017\/04\/IMG_7710-150x160.jpg\" alt=\"IMG_7710\" width=\"150\" height=\"160\" \/><span class=\"su-custom-gallery-title\">IMG_7710<\/span><\/a><\/div><div class=\"su-custom-gallery-slide\"><a href=\"http:\/\/borenov.com\/wp-content\/uploads\/2017\/04\/IMG_7709.jpg\" title=\"IMG_7709\"><img src=\"http:\/\/borenov.com\/wp-content\/uploads\/2017\/04\/IMG_7709-150x160.jpg\" alt=\"IMG_7709\" width=\"150\" height=\"160\" \/><span class=\"su-custom-gallery-title\">IMG_7709<\/span><\/a><\/div><div class=\"su-custom-gallery-slide\"><a href=\"http:\/\/borenov.com\/wp-content\/uploads\/2017\/04\/IMG_7708.jpg\" title=\"IMG_7708\"><img src=\"http:\/\/borenov.com\/wp-content\/uploads\/2017\/04\/IMG_7708-150x160.jpg\" alt=\"IMG_7708\" width=\"150\" height=\"160\" \/><span class=\"su-custom-gallery-title\">IMG_7708<\/span><\/a><\/div><div class=\"su-custom-gallery-slide\"><a href=\"http:\/\/borenov.com\/wp-content\/uploads\/2017\/04\/IMG_7707.jpg\" title=\"IMG_7707\"><img src=\"http:\/\/borenov.com\/wp-content\/uploads\/2017\/04\/IMG_7707-150x160.jpg\" alt=\"IMG_7707\" width=\"150\" height=\"160\" \/><span class=\"su-custom-gallery-title\">IMG_7707<\/span><\/a><\/div><div class=\"su-clear\"><\/div><\/div>\n<p><span style=\"color: #993300;\"><em><strong>Parlement Europ\u00e9en &#8211; Bruxelles<\/strong><\/em><\/span><\/p>\n<div class=\"su-custom-gallery su-custom-gallery-title-never su-lightbox-gallery\"><div class=\"su-custom-gallery-slide\"><a href=\"http:\/\/borenov.com\/wp-content\/uploads\/2017\/04\/IMG_7689.jpg\" title=\"IMG_7689\"><img src=\"http:\/\/borenov.com\/wp-content\/uploads\/2017\/04\/IMG_7689-150x160.jpg\" alt=\"IMG_7689\" width=\"150\" height=\"160\" \/><span class=\"su-custom-gallery-title\">IMG_7689<\/span><\/a><\/div><div class=\"su-custom-gallery-slide\"><a href=\"http:\/\/borenov.com\/wp-content\/uploads\/2017\/04\/IMG_7683.jpg\" title=\"IMG_7683\"><img src=\"http:\/\/borenov.com\/wp-content\/uploads\/2017\/04\/IMG_7683-150x160.jpg\" alt=\"IMG_7683\" width=\"150\" height=\"160\" \/><span class=\"su-custom-gallery-title\">IMG_7683<\/span><\/a><\/div><div class=\"su-custom-gallery-slide\"><a href=\"http:\/\/borenov.com\/wp-content\/uploads\/2017\/04\/IMG_7694.jpg\" title=\"IMG_7694\"><img src=\"http:\/\/borenov.com\/wp-content\/uploads\/2017\/04\/IMG_7694-150x160.jpg\" alt=\"IMG_7694\" width=\"150\" height=\"160\" \/><span class=\"su-custom-gallery-title\">IMG_7694<\/span><\/a><\/div><div class=\"su-custom-gallery-slide\"><a href=\"http:\/\/borenov.com\/wp-content\/uploads\/2017\/04\/IMG_7697.jpg\" title=\"IMG_7697\"><img src=\"http:\/\/borenov.com\/wp-content\/uploads\/2017\/04\/IMG_7697-150x160.jpg\" alt=\"IMG_7697\" width=\"150\" height=\"160\" \/><span class=\"su-custom-gallery-title\">IMG_7697<\/span><\/a><\/div><div class=\"su-custom-gallery-slide\"><a href=\"http:\/\/borenov.com\/wp-content\/uploads\/2017\/04\/IMG_7698.jpg\" title=\"IMG_7698\"><img src=\"http:\/\/borenov.com\/wp-content\/uploads\/2017\/04\/IMG_7698-150x160.jpg\" alt=\"IMG_7698\" width=\"150\" height=\"160\" \/><span class=\"su-custom-gallery-title\">IMG_7698<\/span><\/a><\/div><div class=\"su-custom-gallery-slide\"><a href=\"http:\/\/borenov.com\/wp-content\/uploads\/2017\/04\/IMG_7699.jpg\" title=\"IMG_7699\"><img src=\"http:\/\/borenov.com\/wp-content\/uploads\/2017\/04\/IMG_7699-150x160.jpg\" alt=\"IMG_7699\" width=\"150\" height=\"160\" \/><span class=\"su-custom-gallery-title\">IMG_7699<\/span><\/a><\/div><div class=\"su-custom-gallery-slide\"><a href=\"http:\/\/borenov.com\/wp-content\/uploads\/2017\/04\/IMG_7692.jpg\" title=\"IMG_7692\"><img src=\"http:\/\/borenov.com\/wp-content\/uploads\/2017\/04\/IMG_7692-150x160.jpg\" alt=\"IMG_7692\" width=\"150\" height=\"160\" \/><span class=\"su-custom-gallery-title\">IMG_7692<\/span><\/a><\/div><div class=\"su-custom-gallery-slide\"><a href=\"http:\/\/borenov.com\/wp-content\/uploads\/2017\/04\/IMG_7706.jpg\" title=\"IMG_7706\"><img src=\"http:\/\/borenov.com\/wp-content\/uploads\/2017\/04\/IMG_7706-150x160.jpg\" alt=\"IMG_7706\" width=\"150\" height=\"160\" \/><span class=\"su-custom-gallery-title\">IMG_7706<\/span><\/a><\/div><div class=\"su-clear\"><\/div><\/div>\n<p><span style=\"color: #993300;\"><em><strong>Rev\u00eatements sol + Carrelage<\/strong><\/em><\/span><\/p>\n<div class=\"su-custom-gallery su-custom-gallery-title-never su-lightbox-gallery\"><div class=\"su-custom-gallery-slide\"><a href=\"http:\/\/borenov.com\/wp-content\/uploads\/2017\/04\/IMG_7672.jpg\" title=\"IMG_7672\"><img src=\"http:\/\/borenov.com\/wp-content\/uploads\/2017\/04\/IMG_7672-150x160.jpg\" alt=\"IMG_7672\" width=\"150\" height=\"160\" \/><span class=\"su-custom-gallery-title\">IMG_7672<\/span><\/a><\/div><div class=\"su-custom-gallery-slide\"><a href=\"http:\/\/borenov.com\/wp-content\/uploads\/2017\/04\/IMG_7679.jpg\" title=\"IMG_7679\"><img src=\"http:\/\/borenov.com\/wp-content\/uploads\/2017\/04\/IMG_7679-150x160.jpg\" alt=\"IMG_7679\" width=\"150\" height=\"160\" \/><span class=\"su-custom-gallery-title\">IMG_7679<\/span><\/a><\/div><div class=\"su-custom-gallery-slide\"><a href=\"http:\/\/borenov.com\/wp-content\/uploads\/2017\/04\/IMG_7677.jpg\" title=\"IMG_7677\"><img src=\"http:\/\/borenov.com\/wp-content\/uploads\/2017\/04\/IMG_7677-150x160.jpg\" alt=\"IMG_7677\" width=\"150\" height=\"160\" \/><span class=\"su-custom-gallery-title\">IMG_7677<\/span><\/a><\/div><div class=\"su-custom-gallery-slide\"><a href=\"http:\/\/borenov.com\/wp-content\/uploads\/2017\/04\/IMG_7676.jpg\" title=\"IMG_7676\"><img src=\"http:\/\/borenov.com\/wp-content\/uploads\/2017\/04\/IMG_7676-150x160.jpg\" alt=\"IMG_7676\" width=\"150\" height=\"160\" \/><span class=\"su-custom-gallery-title\">IMG_7676<\/span><\/a><\/div><div class=\"su-custom-gallery-slide\"><a href=\"http:\/\/borenov.com\/wp-content\/uploads\/2017\/04\/IMG_7681.jpg\" title=\"IMG_7681\"><img src=\"http:\/\/borenov.com\/wp-content\/uploads\/2017\/04\/IMG_7681-150x160.jpg\" alt=\"IMG_7681\" width=\"150\" height=\"160\" \/><span class=\"su-custom-gallery-title\">IMG_7681<\/span><\/a><\/div><div class=\"su-clear\"><\/div><\/div>\n<p><span style=\"color: #993300;\"><em><strong>Parking \u00a0Avenue Louise &#8211; Bruxelles<\/strong><\/em><\/span><\/p>\n<div class=\"su-custom-gallery su-custom-gallery-title-never su-lightbox-gallery\"><div class=\"su-custom-gallery-slide\"><a href=\"http:\/\/borenov.com\/wp-content\/uploads\/2017\/04\/IMG_7649.jpg\" title=\"IMG_7649\"><img src=\"http:\/\/borenov.com\/wp-content\/uploads\/2017\/04\/IMG_7649-150x160.jpg\" alt=\"IMG_7649\" width=\"150\" height=\"160\" \/><span class=\"su-custom-gallery-title\">IMG_7649<\/span><\/a><\/div><div class=\"su-custom-gallery-slide\"><a href=\"http:\/\/borenov.com\/wp-content\/uploads\/2017\/04\/IMG_7653.jpg\" title=\"IMG_7653\"><img src=\"http:\/\/borenov.com\/wp-content\/uploads\/2017\/04\/IMG_7653-150x160.jpg\" alt=\"IMG_7653\" width=\"150\" height=\"160\" \/><span class=\"su-custom-gallery-title\">IMG_7653<\/span><\/a><\/div><div class=\"su-custom-gallery-slide\"><a href=\"http:\/\/borenov.com\/wp-content\/uploads\/2017\/04\/IMG_7657.jpg\" title=\"IMG_7657\"><img src=\"http:\/\/borenov.com\/wp-content\/uploads\/2017\/04\/IMG_7657-150x160.jpg\" alt=\"IMG_7657\" width=\"150\" height=\"160\" \/><span class=\"su-custom-gallery-title\">IMG_7657<\/span><\/a><\/div><div class=\"su-custom-gallery-slide\"><a href=\"http:\/\/borenov.com\/wp-content\/uploads\/2017\/04\/IMG_7656.jpg\" title=\"IMG_7656\"><img src=\"http:\/\/borenov.com\/wp-content\/uploads\/2017\/04\/IMG_7656-150x160.jpg\" alt=\"IMG_7656\" width=\"150\" height=\"160\" \/><span class=\"su-custom-gallery-title\">IMG_7656<\/span><\/a><\/div><div class=\"su-custom-gallery-slide\"><a href=\"http:\/\/borenov.com\/wp-content\/uploads\/2017\/04\/IMG_7658.jpg\" title=\"IMG_7658\"><img src=\"http:\/\/borenov.com\/wp-content\/uploads\/2017\/04\/IMG_7658-150x160.jpg\" alt=\"IMG_7658\" width=\"150\" height=\"160\" \/><span class=\"su-custom-gallery-title\">IMG_7658<\/span><\/a><\/div><div class=\"su-custom-gallery-slide\"><a href=\"http:\/\/borenov.com\/wp-content\/uploads\/2017\/04\/IMG_7659.jpg\" title=\"IMG_7659\"><img src=\"http:\/\/borenov.com\/wp-content\/uploads\/2017\/04\/IMG_7659-150x160.jpg\" alt=\"IMG_7659\" width=\"150\" height=\"160\" \/><span class=\"su-custom-gallery-title\">IMG_7659<\/span><\/a><\/div><div class=\"su-custom-gallery-slide\"><a href=\"http:\/\/borenov.com\/wp-content\/uploads\/2017\/04\/IMG_7665.jpg\" title=\"IMG_7665\"><img src=\"http:\/\/borenov.com\/wp-content\/uploads\/2017\/04\/IMG_7665-150x160.jpg\" alt=\"IMG_7665\" width=\"150\" height=\"160\" \/><span class=\"su-custom-gallery-title\">IMG_7665<\/span><\/a><\/div><div class=\"su-custom-gallery-slide\"><a href=\"http:\/\/borenov.com\/wp-content\/uploads\/2017\/04\/IMG_7663.jpg\" title=\"IMG_7663\"><img src=\"http:\/\/borenov.com\/wp-content\/uploads\/2017\/04\/IMG_7663-150x160.jpg\" alt=\"IMG_7663\" width=\"150\" height=\"160\" \/><span class=\"su-custom-gallery-title\">IMG_7663<\/span><\/a><\/div><div class=\"su-custom-gallery-slide\"><a href=\"http:\/\/borenov.com\/wp-content\/uploads\/2017\/04\/IMG_7662.jpg\" title=\"IMG_7662\"><img src=\"http:\/\/borenov.com\/wp-content\/uploads\/2017\/04\/IMG_7662-150x160.jpg\" alt=\"IMG_7662\" width=\"150\" height=\"160\" \/><span class=\"su-custom-gallery-title\">IMG_7662<\/span><\/a><\/div><div class=\"su-clear\"><\/div><\/div>\n","protected":false},"excerpt":{"rendered":"<p>Etanch\u00e9it\u00e9 terasse-balcon Parlement Europ\u00e9en &#8211; Bruxelles Rev\u00eatements sol + Carrelage Parking \u00a0Avenue Louise &#8211; Bruxelles<\/p>\n","protected":false},"author":1,"featured_media":0,"parent":0,"menu_order":0,"comment_status":"closed","ping_status":"closed","template":"","meta":[],"_links":{"self":[{"href":"http:\/\/borenov.com\/index.php\/wp-json\/wp\/v2\/pages\/16"}],"collection":[{"href":"http:\/\/borenov.com\/index.php\/wp-json\/wp\/v2\/pages"}],"about":[{"href":"http:\/\/borenov.com\/index.php\/wp-json\/wp\/v2\/types\/page"}],"author":[{"embeddable":true,"href":"http:\/\/borenov.com\/index.php\/wp-json\/wp\/v2\/users\/1"}],"replies":[{"embeddable":true,"href":"http:\/\/borenov.com\/index.php\/wp-json\/wp\/v2\/comments?post=16"}],"version-history":[{"count":13,"href":"http:\/\/borenov.com\/index.php\/wp-json\/wp\/v2\/pages\/16\/revisions"}],"predecessor-version":[{"id":161,"href":"http:\/\/borenov.com\/index.php\/wp-json\/wp\/v2\/pages\/16\/revisions\/161"}],"wp:attachment":[{"href":"http:\/\/borenov.com\/index.php\/wp-json\/wp\/v2\/media?parent=16"}],"curies":[{"name":"wp","href":"https:\/\/api.w.org\/{rel}","templated":true}]}}